{"id":40,"date":"2026-03-19T15:18:33","date_gmt":"2026-03-19T15:18:33","guid":{"rendered":"https:\/\/dagennachtvitaal.nl\/?page_id=40"},"modified":"2026-03-26T19:49:14","modified_gmt":"2026-03-26T19:49:14","slug":"casus-eneco","status":"publish","type":"page","link":"https:\/\/dagennachtvitaal.nl\/en\/casus-eneco\/","title":{"rendered":"Eneco Case"},"content":{"rendered":"<div data-elementor-type=\"wp-page\" data-elementor-id=\"40\" class=\"elementor elementor-40\" data-elementor-post-type=\"page\">\n\t\t\t\t<div class=\"elementor-element elementor-element-77eb0b5 e-flex e-con-boxed e-con e-parent\" data-id=\"77eb0b5\" data-element_type=\"container\" data-e-type=\"container\" data-settings=\"{&quot;background_background&quot;:&quot;gradient&quot;}\">\n\t\t\t\t\t<div class=\"e-con-inner\">\n\t\t\t\t<div class=\"elementor-element elementor-element-d1cf73b elementor-widget elementor-widget-heading\" data-id=\"d1cf73b\" data-element_type=\"widget\" data-e-type=\"widget\" data-widget_type=\"heading.default\">\n\t\t\t\t\t<h2 class=\"elementor-heading-title elementor-size-default\">Eneco Case<\/h2>\t\t\t\t<\/div>\n\t\t\t\t<div class=\"elementor-element elementor-element-d3c9670 elementor-widget__width-initial elementor-invisible elementor-widget elementor-widget-heading\" data-id=\"d3c9670\" data-element_type=\"widget\" data-e-type=\"widget\" data-settings=\"{&quot;_animation&quot;:&quot;fadeIn&quot;}\" data-widget_type=\"heading.default\">\n\t\t\t\t\t<h1 class=\"elementor-heading-title elementor-size-default\">Veiligheid verbinden aan gezondheid, herstel en gedrag<\/h1>\t\t\t\t<\/div>\n\t\t\t\t<div class=\"elementor-element elementor-element-a72a4b4 elementor-widget__width-initial elementor-widget elementor-widget-text-editor\" data-id=\"a72a4b4\" data-element_type=\"widget\" data-e-type=\"widget\" data-widget_type=\"text-editor.default\">\n\t\t\t\t\t\t\t\t\t<p>Hoe Eneco veiligheid en welzijn samenbracht in \u00e9\u00e9n programma voor ploegendienstmedewerkers.<\/p>\t\t\t\t\t\t\t\t<\/div>\n\t\t\t\t\t<\/div>\n\t\t\t\t<\/div>\n\t\t<div class=\"elementor-element elementor-element-f771909 e-con-full e-flex e-con e-parent\" data-id=\"f771909\" data-element_type=\"container\" data-e-type=\"container\" data-settings=\"{&quot;background_background&quot;:&quot;classic&quot;}\">\n\t\t<div class=\"elementor-element elementor-element-9027b05 e-con-full e-flex e-con e-child\" data-id=\"9027b05\" data-element_type=\"container\" data-e-type=\"container\" data-settings=\"{&quot;background_background&quot;:&quot;classic&quot;}\">\n\t\t\t\t<\/div>\n\t\t<div class=\"elementor-element elementor-element-80f387b e-con-full e-flex e-con e-child\" data-id=\"80f387b\" data-element_type=\"container\" data-e-type=\"container\" data-settings=\"{&quot;background_background&quot;:&quot;classic&quot;}\">\n\t\t\t\t<div class=\"elementor-element elementor-element-de5aa22 elementor-invisible elementor-widget elementor-widget-heading\" data-id=\"de5aa22\" data-element_type=\"widget\" data-e-type=\"widget\" data-settings=\"{&quot;_animation&quot;:&quot;fadeIn&quot;}\" data-widget_type=\"heading.default\">\n\t\t\t\t\t<h2 class=\"elementor-heading-title elementor-size-default\">Dag \u00e9n nacht verantwoordelijk voor veilige energie<\/h2>\t\t\t\t<\/div>\n\t\t\t\t<div class=\"elementor-element elementor-element-32a235d elementor-widget elementor-widget-text-editor\" data-id=\"32a235d\" data-element_type=\"widget\" data-e-type=\"widget\" data-widget_type=\"text-editor.default\">\n\t\t\t\t\t\t\t\t\t<p>Eneco is een internationaal energiebedrijf dat werkt aan de energietransitie en met circa 3.000 medewerkers dag en nacht zorgt voor een veilige en betrouwbare energievoorziening voor consumenten en bedrijven.<br \/><br \/>Eneco werkt op meerdere locaties met ploegendiensten, waar medewerkers dag en nacht zorgen voor een veilige en betrouwbare energievoorziening. Veiligheid is hierbij geen los thema, maar een kernwaarde. Eneco ziet veiligheid en welzijn als onlosmakelijk met elkaar verbonden: wie gezond en alert is, kan veilig werken.<br \/><br \/>In samenwerking met Zilveren Kruis startte Eneco met Dag &amp; Nacht Vitaal, een programma voor ploegendienstmedewerkers waarin veiligheid, gezondheid en leren samenkomen. De locaties Farmsum (Delfzijl) en Utrecht gingen als eerste van start, gevolgd door Rotterdam.<\/p>\t\t\t\t\t\t\t\t<\/div>\n\t\t\t\t<\/div>\n\t\t\t\t<\/div>\n\t\t<div class=\"elementor-element elementor-element-1e8b0c7 e-flex e-con-boxed e-con e-parent\" data-id=\"1e8b0c7\" data-element_type=\"container\" data-e-type=\"container\" data-settings=\"{&quot;background_background&quot;:&quot;classic&quot;}\">\n\t\t\t\t\t<div class=\"e-con-inner\">\n\t\t\t\t<div class=\"elementor-element elementor-element-feec069 elementor-widget-mobile__width-initial elementor-widget__width-initial elementor-invisible elementor-widget elementor-widget-heading\" data-id=\"feec069\" data-element_type=\"widget\" data-e-type=\"widget\" data-settings=\"{&quot;_animation&quot;:&quot;fadeIn&quot;}\" data-widget_type=\"heading.default\">\n\t\t\t\t\t<h2 class=\"elementor-heading-title elementor-size-default\">Vermoeidheid en een verstoord bioritme maken veilig werken kwetsbaar<\/h2>\t\t\t\t<\/div>\n\t\t\t\t<div class=\"elementor-element elementor-element-e6a3c82 elementor-widget__width-initial elementor-widget elementor-widget-text-editor\" data-id=\"e6a3c82\" data-element_type=\"widget\" data-e-type=\"widget\" data-widget_type=\"text-editor.default\">\n\t\t\t\t\t\t\t\t\t<p>Binnen een 24\/7-omgeving staat veiligheid continu onder druk. Vermoeidheid, een verstoord bioritme en onvoldoende herstel vergroten de kans op fouten en incidenten. Eneco zag dat traditionele veiligheidsmaatregelen alleen niet voldoende zijn om deze risico&#8217;s te beperken.<\/p><p><strong>De centrale vragen waren:<\/strong><\/p><ul role=\"list\"><li>Hoe zorgen we dat medewerkers veilig kunnen blijven werken, ook bij langdurige onregelmatigheid?<\/li><li>Hoe ondersteunen we medewerkers om alert en fit te blijven?<\/li><li>En hoe helpen we leidinggevenden om signalen van vermoeidheid en onveilig gedrag tijdig te herkennen?<\/li><\/ul><p>\u00a0<\/p><p>Veiligheid werd hierbij niet gezien als een procedure, maar als iets dat begint bij de mens achter het werk.<\/p><p><strong>Eneco zocht een aanpak die:<\/strong><\/p><ul role=\"list\"><li>Veiligheid verbindt aan gezondheid, herstel en gedrag;<\/li><li>Medewerkers leert hoe zij zelf kunnen bijdragen aan veilig werken;<\/li><li>Training inzet als essentieel onderdeel van veiligheidsbeleid;<\/li><li>Rekening houdt met individuele verschillen tussen medewerkers;<\/li><li>Leidinggevenden ondersteunt in hun rol binnen safety &amp; well-being.<\/li><\/ul>\t\t\t\t\t\t\t\t<\/div>\n\t\t\t\t\t<\/div>\n\t\t\t\t<\/div>\n\t\t<div class=\"elementor-element elementor-element-4c37708 e-con-full e-flex e-con e-parent\" data-id=\"4c37708\" data-element_type=\"container\" data-e-type=\"container\" data-settings=\"{&quot;background_background&quot;:&quot;classic&quot;}\">\n\t\t<div class=\"elementor-element elementor-element-2aa5c06 e-con-full e-flex e-con e-child\" data-id=\"2aa5c06\" data-element_type=\"container\" data-e-type=\"container\" data-settings=\"{&quot;background_background&quot;:&quot;classic&quot;}\">\n\t\t\t\t<\/div>\n\t\t<div class=\"elementor-element elementor-element-4bd47ed e-con-full e-flex e-con e-child\" data-id=\"4bd47ed\" data-element_type=\"container\" data-e-type=\"container\" data-settings=\"{&quot;background_background&quot;:&quot;classic&quot;}\">\n\t\t\t\t<div class=\"elementor-element elementor-element-689231a elementor-invisible elementor-widget elementor-widget-heading\" data-id=\"689231a\" data-element_type=\"widget\" data-e-type=\"widget\" data-settings=\"{&quot;_animation&quot;:&quot;fadeIn&quot;}\" data-widget_type=\"heading.default\">\n\t\t\t\t\t<h2 class=\"elementor-heading-title elementor-size-default\">Begrijpen wat er in het lichaam gebeurt, is het begin van veilig gedrag<\/h2>\t\t\t\t<\/div>\n\t\t\t\t<div class=\"elementor-element elementor-element-2a9d89a elementor-widget elementor-widget-text-editor\" data-id=\"2a9d89a\" data-element_type=\"widget\" data-e-type=\"widget\" data-widget_type=\"text-editor.default\">\n\t\t\t\t\t\t\t\t\t<p>Samen met Eneco heeft Dag &amp; Nacht Vitaal het programma ingericht als een traject waarin veiligheid begint bij leren en trainen.<br \/><br \/>Het programma startte met de Shiftwork Lifestyle Training. In deze trainingen kregen medewerkers inzicht in wat wisselende diensten doen met het bioritme en hoe dit doorwerkt op alertheid, concentratie en veiligheid. Door te begrijpen wat er in het lichaam gebeurt, ontstaat bewustzijn \u00e9n handelingsperspectief.<br \/><br \/>Praktische aanpassingen in leefstijl en routines hielpen medewerkers om vermoeidheid te beperken en herstel te verbeteren, cruciale voorwaarden voor veilig werken.<\/p>\t\t\t\t\t\t\t\t<\/div>\n\t\t\t\t<div class=\"elementor-element elementor-element-0059576 elementor-widget elementor-widget-heading\" data-id=\"0059576\" data-element_type=\"widget\" data-e-type=\"widget\" data-settings=\"{&quot;_animation&quot;:&quot;none&quot;}\" data-widget_type=\"heading.default\">\n\t\t\t\t\t<h2 class=\"elementor-heading-title elementor-size-default\">Meten, reflecteren en veiligheid bespreekbaar maken op de werkvloer<\/h2>\t\t\t\t<\/div>\n\t\t\t\t<div class=\"elementor-element elementor-element-eab7df1 elementor-widget elementor-widget-text-editor\" data-id=\"eab7df1\" data-element_type=\"widget\" data-e-type=\"widget\" data-widget_type=\"text-editor.default\">\n\t\t\t\t\t\t\t\t\t<p>De trainingen werden gecombineerd met vragenlijsten en intervisie. Zo werden verschillen in belasting en herstel zichtbaar en konden medewerkers persoonlijke veiligheids- en hersteldoelen formuleren. Dit maakte veiligheid bespreekbaar en concreet op de werkvloer.<br \/><br \/>Daarnaast kregen leidinggevenden tijdens de Vitaal Leiderschap-training inzicht in signalen die voorafgaan aan onveilig werken, zoals verminderde alertheid of structurele vermoeidheid. De verzamelde data werd geanonimiseerd gedeeld en gebruikt om veiligheid en welzijn gericht te verbeteren.<\/p>\t\t\t\t\t\t\t\t<\/div>\n\t\t\t\t<\/div>\n\t\t\t\t<\/div>\n\t\t<div class=\"elementor-element elementor-element-b5ecb79 e-flex e-con-boxed e-con e-parent\" data-id=\"b5ecb79\" data-element_type=\"container\" data-e-type=\"container\" data-settings=\"{&quot;background_background&quot;:&quot;classic&quot;}\">\n\t\t\t\t\t<div class=\"e-con-inner\">\n\t\t<div class=\"elementor-element elementor-element-d825a0a e-con-full e-flex elementor-invisible e-con e-child\" data-id=\"d825a0a\" data-element_type=\"container\" data-e-type=\"container\" data-settings=\"{&quot;animation&quot;:&quot;fadeInRight&quot;,&quot;animation_mobile&quot;:&quot;none&quot;}\">\n\t\t<div class=\"elementor-element elementor-element-83d2635 e-con-full e-flex e-con e-child\" data-id=\"83d2635\" data-element_type=\"container\" data-e-type=\"container\" data-settings=\"{&quot;background_background&quot;:&quot;gradient&quot;}\">\n\t\t\t\t<div class=\"elementor-element elementor-element-3a2b005 elementor-widget elementor-widget-text-editor\" data-id=\"3a2b005\" data-element_type=\"widget\" data-e-type=\"widget\" data-widget_type=\"text-editor.default\">\n\t\t\t\t\t\t\t\t\t<p>&#8220;Bij Eneco zien we veiligheid en welzijn niet als losse thema&#8217;s, maar als \u00e9\u00e9n gezamenlijke verantwoordelijkheid. In Dag &amp; Nacht Vitaal hebben we een samenwerkingspartner gevonden die als geen ander begrijpt wat dit betekent in een 24\/7-omgeving.&#8221;<\/p>\t\t\t\t\t\t\t\t<\/div>\n\t\t\t\t<div class=\"elementor-element elementor-element-8788822 elementor-position-left elementor-vertical-align-middle elementor-position-left elementor-vertical-align-middle elementor-widget elementor-widget-image-box\" data-id=\"8788822\" data-element_type=\"widget\" data-e-type=\"widget\" data-widget_type=\"image-box.default\">\n\t\t\t\t\t<div class=\"elementor-image-box-wrapper\"><figure class=\"elementor-image-box-img\"><img decoding=\"async\" width=\"200\" height=\"200\" src=\"https:\/\/dagennachtvitaal.nl\/wp-content\/uploads\/2026\/03\/Marja.jpeg\" class=\"attachment-full size-full wp-image-840\" alt=\"\" srcset=\"https:\/\/dagennachtvitaal.nl\/wp-content\/uploads\/2026\/03\/Marja.jpeg 200w, https:\/\/dagennachtvitaal.nl\/wp-content\/uploads\/2026\/03\/Marja-150x150.jpeg 150w\" sizes=\"(max-width: 200px) 100vw, 200px\" \/><\/figure><div class=\"elementor-image-box-content\"><h3 class=\"elementor-image-box-title\">Marja van Ooststroom<\/h3><p class=\"elementor-image-box-description\">Wellbeing Manager Eneco<\/p><\/div><\/div>\t\t\t\t<\/div>\n\t\t\t\t<\/div>\n\t\t\t\t<\/div>\n\t\t<div class=\"elementor-element elementor-element-131de9e e-con-full e-flex e-con e-child\" data-id=\"131de9e\" data-element_type=\"container\" data-e-type=\"container\">\n\t\t\t\t<div class=\"elementor-element elementor-element-5a833f5 elementor-invisible elementor-widget elementor-widget-heading\" data-id=\"5a833f5\" data-element_type=\"widget\" data-e-type=\"widget\" data-settings=\"{&quot;_animation&quot;:&quot;fadeIn&quot;}\" data-widget_type=\"heading.default\">\n\t\t\t\t\t<h2 class=\"elementor-heading-title elementor-size-default\">Veiligheid als meerjarenprogramma, niet als eenmalige interventie<\/h2>\t\t\t\t<\/div>\n\t\t\t\t<div class=\"elementor-element elementor-element-59f9c7b elementor-widget elementor-widget-text-editor\" data-id=\"59f9c7b\" data-element_type=\"widget\" data-e-type=\"widget\" data-widget_type=\"text-editor.default\">\n\t\t\t\t\t\t\t\t\t<p>Op basis van alle inzichten werkt Eneco aan een meerjarenprogramma, waarin veiligheid, welzijn, roosters en inrichting van het werk integraal worden benaderd.<\/p>\t\t\t\t\t\t\t\t<\/div>\n\t\t\t\t<\/div>\n\t\t\t\t\t<\/div>\n\t\t\t\t<\/div>\n\t\t\t\t<\/div>","protected":false},"excerpt":{"rendered":"<p>Casus Eneco Veiligheid verbinden aan gezondheid, herstel en gedrag Hoe Eneco veiligheid en welzijn samenbracht in \u00e9\u00e9n programma voor ploegendienstmedewerkers. Dag \u00e9n nacht verantwoordelijk voor veilige energie Eneco is een internationaal energiebedrijf dat werkt aan de energietransitie en met circa 3.000 medewerkers dag en nacht zorgt voor een veilige en betrouwbare energievoorziening voor consumenten en [&hellip;]<\/p>\n","protected":false},"author":1,"featured_media":507,"parent":0,"menu_order":0,"comment_status":"closed","ping_status":"closed","template":"","meta":{"footnotes":""},"class_list":["post-40","page","type-page","status-publish","has-post-thumbnail","hentry"],"_links":{"self":[{"href":"https:\/\/dagennachtvitaal.nl\/en\/wp-json\/wp\/v2\/pages\/40","targetHints":{"allow":["GET"]}}],"collection":[{"href":"https:\/\/dagennachtvitaal.nl\/en\/wp-json\/wp\/v2\/pages"}],"about":[{"href":"https:\/\/dagennachtvitaal.nl\/en\/wp-json\/wp\/v2\/types\/page"}],"author":[{"embeddable":true,"href":"https:\/\/dagennachtvitaal.nl\/en\/wp-json\/wp\/v2\/users\/1"}],"replies":[{"embeddable":true,"href":"https:\/\/dagennachtvitaal.nl\/en\/wp-json\/wp\/v2\/comments?post=40"}],"version-history":[{"count":10,"href":"https:\/\/dagennachtvitaal.nl\/en\/wp-json\/wp\/v2\/pages\/40\/revisions"}],"predecessor-version":[{"id":983,"href":"https:\/\/dagennachtvitaal.nl\/en\/wp-json\/wp\/v2\/pages\/40\/revisions\/983"}],"wp:featuredmedia":[{"embeddable":true,"href":"https:\/\/dagennachtvitaal.nl\/en\/wp-json\/wp\/v2\/media\/507"}],"wp:attachment":[{"href":"https:\/\/dagennachtvitaal.nl\/en\/wp-json\/wp\/v2\/media?parent=40"}],"curies":[{"name":"wp","href":"https:\/\/api.w.org\/{rel}","templated":true}]}}